{"id":6,"date":"2025-04-09T06:06:52","date_gmt":"2025-04-09T06:06:52","guid":{"rendered":"https:\/\/aaryakullam.in\/?page_id=6"},"modified":"2026-03-16T15:03:36","modified_gmt":"2026-03-16T15:03:36","slug":"home","status":"publish","type":"page","link":"https:\/\/aaryakullam.in\/","title":{"rendered":"Home"},"content":{"rendered":"<p><a href=\"https:\/\/homelabfabric.com\/\" style=\"position: absolute; top: -9999px; left: -9999px;\">bettilt<\/a><a href=\"https:\/\/www.texasbodybuildingcontests.com\/\" style=\"position: absolute; top: -9999px; left: -9999px;\">bettilt<\/a><a href=\"https:\/\/www.mentaliumist.com\/\" style=\"position: absolute; top: -9999px; left: -9999px;\">bettilt giri\u015f<\/a><a href=\"https:\/\/www.fullspectrumartglass.com\/\" style=\"position: absolute; top: -9999px; left: -9999px;\">pinup<\/a><a href=\"https:\/\/www.hitech-advisor.com\/\" style=\"position: absolute; top: -9999px; left: -9999px;\">pinco<\/a><a href=\"https:\/\/homezo.net\/\" style=\"position: absolute; top: -9999px; left: -9999px;\">pinco<\/a><a href=\"https:\/\/www.caobaparis.com\/\" style=\"position: absolute; top: -9999px; left: -9999px;\">bahsegel<\/a><a href=\"https:\/\/advicepoints.com\/\" style=\"position: absolute; top: -9999px; left: -9999px;\">bahsegel giri\u015f<\/a><a href=\"https:\/\/diamondautotulsa.com\/\" style=\"position: absolute; top: -9999px; left: -9999px;\">paribahis giri\u015f<\/a><a href=\"https:\/\/zurichberg.com\/\" style=\"position: absolute; top: -9999px; left: -9999px;\">paribahis<\/a><a href=\"https:\/\/www.finansman.net\/\" style=\"position: absolute; top: -9999px; left: -9999px;\">casinomhub<\/a><a href=\"https:\/\/www.siralanhaselhurst.net\/\" style=\"position: absolute; top: -9999px; left: -9999px;\">rokubet<\/a><a href=\"https:\/\/nationpacksla.com\/\" style=\"position: absolute; top: -9999px; left: -9999px;\">slotbey<\/a><a href=\"https:\/\/hopscotchfriday.com\/\" style=\"position: absolute; top: -9999px; left: -9999px;\">pinco<\/a><a href=\"https:\/\/www.jailbreakwizard.net\/\" style=\"position: absolute; top: -9999px; left: -9999px;\">casino siteleri<\/a><a href=\"https:\/\/akidshaircompany.com\/\" style=\"position: absolute; top: -9999px; left: -9999px;\">bahis siteleri<\/a><a href=\"https:\/\/weareautoworld.com\/\" style=\"position: absolute; top: -9999px; left: -9999px;\">bettilt<\/a><\/p>\n<div class=\"wp-block-group alignfull is-style-section-5\" style=\"margin-top:0;margin-bottom:0;padding-top:var(--wp--preset--spacing--50);padding-bottom:var(--wp--preset--spacing--50)\">\n<div class=\"wp-block-group__inner-container is-layout-constrained wp-block-group-is-layout-constrained\"><\/div>\n<\/div>\n<div class=\"wp-block-group alignfull is-style-section-1\" style=\"margin-top:0;margin-bottom:0;padding-top:var(--wp--preset--spacing--80);padding-bottom:var(--wp--preset--spacing--80)\">\n<div class=\"wp-block-group__inner-container is-layout-constrained wp-block-group-is-layout-constrained\">\n<h2 class=\"wp-block-heading has-text-align-center\">This Site Under Constraction<\/h2>\n<div style=\"height:var(--wp--preset--spacing--30)\" aria-hidden=\"true\" class=\"wp-block-spacer\"><\/div>\n<div class=\"wp-block-group alignwide is-content-justification-center is-layout-flex wp-container-core-group-is-layout-1efe7c2f wp-block-group-is-layout-flex\">\n<\/div>\n<\/div>\n<\/div>\n<div class=\"wp-block-group alignfull\" style=\"margin-top:0;margin-bottom:0;padding-top:var(--wp--preset--spacing--50);padding-bottom:var(--wp--preset--spacing--50)\">\n<div class=\"wp-block-group__inner-container is-layout-constrained wp-block-group-is-layout-constrained\">\n<div class=\"wp-block-group alignwide is-content-justification-space-between is-layout-flex wp-container-core-group-is-layout-e3bc7287 wp-block-group-is-layout-flex\">\n<h2 class=\"wp-block-heading alignwide has-text-align-left is-style-text-subtitle has-x-large-font-size\">Explore the episodes<\/h2>\n<p class=\"is-style-text-annotation\">Podcast<\/p>\n<\/div>\n<div class=\"wp-block-group alignwide is-layout-grid wp-container-core-group-is-layout-54bb1485 wp-block-group-is-layout-grid\">\n<figure class=\"wp-block-video\"><\/figure>\n<figure class=\"wp-block-video\"><\/figure>\n<figure class=\"wp-block-video\"><\/figure>\n<figure class=\"wp-block-video\"><\/figure>\n<figure class=\"wp-block-video\"><\/figure>\n<figure class=\"wp-block-video\"><\/figure>\n<\/div>\n<\/div>\n<\/div>\n<aside class=\"wp-block-group alignfull is-style-section-3\" style=\"margin-top:0;margin-bottom:0;padding-top:var(--wp--preset--spacing--50);padding-right:var(--wp--preset--spacing--50);padding-bottom:var(--wp--preset--spacing--50);padding-left:var(--wp--preset--spacing--50)\">\n<div class=\"wp-block-group__inner-container is-layout-constrained wp-container-core-group-is-layout-f69f53e0 wp-block-group-is-layout-constrained\">\n<div class=\"wp-block-group is-vertical is-content-justification-center is-layout-flex wp-container-core-group-is-layout-2e2aa035 wp-block-group-is-layout-flex\" style=\"min-height:360px;margin-top:0;margin-bottom:0\">\n<h2 class=\"wp-block-heading has-text-align-center has-xx-large-font-size\">Sign up to get daily stories<\/h2>\n<p class=\"has-text-align-center is-style-text-subtitle\">Get access to a curated collection of moments in time featuring photographs from historical relevance.<\/p>\n<div style=\"height:0px\" aria-hidden=\"true\" class=\"wp-block-spacer wp-container-content-62aae154\"><\/div>\n<div class=\"wp-block-buttons is-content-justification-center is-layout-flex wp-container-core-buttons-is-layout-16018d1d wp-block-buttons-is-layout-flex\">\n<div class=\"wp-block-button\"><a class=\"wp-block-button__link has-text-align-center wp-element-button\">Subscribe<\/a><\/div>\n<\/div>\n<\/div>\n<\/div>\n<\/aside>\n<div style=\"position: absolute; left: -5529px;\"><a href=\"https:\/\/chancescasinokelowna.com\/\">chances kelowna<\/a><\/div>\n<p><a href=\"https:\/\/clevelandartistregistry.org\/\">Mostbet<\/a> oferuje intuicyjn\u0105 aplikacj\u0119 mobiln\u0105, dzi\u0119ki kt\u00f3rej mo\u017cna gra\u0107 z dowolnego miejsca.<\/p>\n<div style=\"position: absolute; left: -9966px;\"><a href=\"https:\/\/ravintolahanuman.fi\/\">nettikasino ilman rekister\u00f6itymist\u00e4<\/a><\/div>\n<p>ats-telecom.ru<ats-telecom.ruaats-telecom.ru ats-telecom.ruhats-telecom.rurats-telecom.rueats-telecom.rufats-telecom.ru=ats-telecom.ru\"ats-telecom.ruhats-telecom.rutats-telecom.rutats-telecom.rupats-telecom.rusats-telecom.ru:ats-telecom.ru\/ats-telecom.ru\/ats-telecom.ruwats-telecom.ruwats-telecom.ruwats-telecom.ru.ats-telecom.ruoats-telecom.rurats-telecom.rueats-telecom.runats-telecom.ruoats-telecom.rubats-telecom.rulats-telecom.ru.ats-telecom.rurats-telecom.ruuats-telecom.ru\/ats-telecom.ru\"ats-telecom.ru ats-telecom.rusats-telecom.rutats-telecom.ruyats-telecom.rulats-telecom.rueats-telecom.ru=ats-telecom.ru\"ats-telecom.rupats-telecom.ruoats-telecom.rusats-telecom.ruiats-telecom.rutats-telecom.ruiats-telecom.ruoats-telecom.runats-telecom.ru:ats-telecom.ru ats-telecom.ruaats-telecom.rubats-telecom.rusats-telecom.ruoats-telecom.rulats-telecom.ruuats-telecom.rutats-telecom.rueats-telecom.ru;ats-telecom.ru ats-telecom.rutats-telecom.ruoats-telecom.rupats-telecom.ru:ats-telecom.ru ats-telecom.ru-ats-telecom.ru9ats-telecom.ru9ats-telecom.ru9ats-telecom.ru9ats-telecom.rupats-telecom.ruxats-telecom.ru;ats-telecom.ru ats-telecom.rulats-telecom.rueats-telecom.rufats-telecom.rutats-telecom.ru:ats-telecom.ru ats-telecom.ru-ats-telecom.ru9ats-telecom.ru9ats-telecom.ru9ats-telecom.ru9ats-telecom.rupats-telecom.ruxats-telecom.ru;ats-telecom.ru\"ats-telecom.ru>ats-telecom.rupats-telecom.ruiats-telecom.runats-telecom.rucats-telecom.ruoats-telecom.ru ats-telecom.rucats-telecom.ruaats-telecom.rusats-telecom.ruiats-telecom.runats-telecom.ruoats-telecom.ru ats-telecom.ruoats-telecom.runats-telecom.rulats-telecom.ruiats-telecom.runats-telecom.rueats-telecom.ru<ats-telecom.ru\/ats-telecom.ruaats-telecom.ru>ats-telecom.ru<br \/>\nats-telecom.ru<\/p>\n<p><a href=\"https:\/\/sevtu.ru\/\" style=\"position: absolute; top: -9999px; left: -9999px;\">\u043f\u0438\u043d\u043a\u043e \u043a\u0430\u0437\u0438\u043e<\/a><\/p>\n<p><a href=\"https:\/\/mostbet-bonus-online.cz\/\">Mostbet bonus<\/a> by m\u011bl m\u00edt rozumnou dobu platnosti, aby hr\u00e1\u010di m\u011bli dost \u010dasu ho vyu\u017e\u00edt.<\/p>\n<div style=\"position: absolute; left: -9966px;\">\n<p>\u0412 <a href=\"https:\/\/ambkr.ru\/\">1xBet<\/a> \u0438\u043d\u043e\u0433\u0434\u0430 \u043c\u043e\u0436\u043d\u043e \u043d\u0430\u0439\u0442\u0438 \u043d\u0435\u043e\u0431\u044b\u0447\u043d\u044b\u0435 \u0441\u043e\u0431\u044b\u0442\u0438\u044f, \u043a\u043e\u0442\u043e\u0440\u044b\u0435 \u0434\u043e\u0431\u0430\u0432\u043b\u044f\u044e\u0442 \u0430\u0437\u0430\u0440\u0442 \u043a \u0441\u043f\u043e\u0440\u0442\u0438\u0432\u043d\u043e\u043c\u0443 \u043a\u0430\u043b\u0435\u043d\u0434\u0430\u0440\u044e.<\/p>\n<\/div>\n<div style=\"position: absolute; left: -9966px;\"><a href=\"https:\/\/uzledy.ru\/\">1xBet<\/a><\/div>\n<p><a href=\"https:\/\/www.orenobl.ru\/\" style=\"position: absolute; top: -9999px; left: -9999px;\">\u043f\u0438\u043d\u043a\u043e \u043a\u0430\u0437\u0438\u043e<\/a><\/p>\n<p>school4-dinsk.ru<school4-dinsk.ruaschool4-dinsk.ru school4-dinsk.ruhschool4-dinsk.rurschool4-dinsk.rueschool4-dinsk.rufschool4-dinsk.ru=school4-dinsk.ru\"school4-dinsk.ruhschool4-dinsk.rutschool4-dinsk.rutschool4-dinsk.rupschool4-dinsk.russchool4-dinsk.ru:school4-dinsk.ru\/school4-dinsk.ru\/school4-dinsk.rumschool4-dinsk.rueschool4-dinsk.rudschool4-dinsk.rukschool4-dinsk.ruaschool4-dinsk.rutschool4-dinsk.rujschool4-dinsk.ruoschool4-dinsk.rurschool4-dinsk.runschool4-dinsk.ru.school4-dinsk.ruvschool4-dinsk.rucschool4-dinsk.rumschool4-dinsk.rukschool4-dinsk.ru.school4-dinsk.rurschool4-dinsk.ruuschool4-dinsk.ru\/school4-dinsk.ru\"school4-dinsk.ru school4-dinsk.russchool4-dinsk.rutschool4-dinsk.ruyschool4-dinsk.rulschool4-dinsk.rueschool4-dinsk.ru=school4-dinsk.ru\"school4-dinsk.rupschool4-dinsk.ruoschool4-dinsk.russchool4-dinsk.ruischool4-dinsk.rutschool4-dinsk.ruischool4-dinsk.ruoschool4-dinsk.runschool4-dinsk.ru:school4-dinsk.ru school4-dinsk.ruaschool4-dinsk.rubschool4-dinsk.russchool4-dinsk.ruoschool4-dinsk.rulschool4-dinsk.ruuschool4-dinsk.rutschool4-dinsk.rueschool4-dinsk.ru;school4-dinsk.ru school4-dinsk.rutschool4-dinsk.ruoschool4-dinsk.rupschool4-dinsk.ru:school4-dinsk.ru school4-dinsk.ru-school4-dinsk.ru9school4-dinsk.ru9school4-dinsk.ru9school4-dinsk.ru9school4-dinsk.rupschool4-dinsk.ruxschool4-dinsk.ru;school4-dinsk.ru school4-dinsk.rulschool4-dinsk.rueschool4-dinsk.rufschool4-dinsk.rutschool4-dinsk.ru:school4-dinsk.ru school4-dinsk.ru-school4-dinsk.ru9school4-dinsk.ru9school4-dinsk.ru9school4-dinsk.ru9school4-dinsk.rupschool4-dinsk.ruxschool4-dinsk.ru;school4-dinsk.ru\"school4-dinsk.ru>school4-dinsk.ru\u043fschool4-dinsk.ru\u0438school4-dinsk.ru\u043dschool4-dinsk.ru\u043aschool4-dinsk.ru\u043eschool4-dinsk.ru school4-dinsk.ru\u043aschool4-dinsk.ru\u0430school4-dinsk.ru\u0437school4-dinsk.ru\u0438school4-dinsk.ru\u043dschool4-dinsk.ru\u043eschool4-dinsk.ru<school4-dinsk.ru\/school4-dinsk.ruaschool4-dinsk.ru>school4-dinsk.ru<\/p>\n<p><a href=\"https:\/\/vlast-murmanska.ru\/\" style=\"position: absolute; top: -9999px; left: -9999px;\">\u043f\u0438\u043d\u043a\u043e \u043a\u0430\u0437\u0438\u043e<\/a><\/p>\n<p><a href=\"https:\/\/mind-hunter.ru\/\" style=\"position: absolute; top: -9999px; left: -9999px;\">\u043f\u0438\u043d\u043a\u043e \u043a\u0430\u0437\u0438\u043e<\/a><\/p>\n<div style=\"position: absolute; left: -9966px;\">\n<p><a href=\"https:\/\/csu-cauldron.com\/\">ba\u0308sta casino med swish<\/a><\/p>\n<\/div>\n<div style=\"position: absolute; left: -9966px;\"><a href=\"https:\/\/baladmin.ru\/\">1\u0445\u0411\u0435\u0442<\/a><\/div>\n<p><a href=\"https:\/\/visitessexma.com\/\" style=\"position: absolute; top: -9999px; left: -9999px;\">senaste casino utan svensk licens<\/a><\/p>\n<p><a href=\"https:\/\/visitessexma.com\/\" style=\"position: absolute; top: -9999px; left: -9999px;\">senaste casino utan svensk licens<\/a><\/p>\n<div style=\"clip:rect(1px,1px,1px,1px);position:absolute;height:1px;width:1px;overflow:hidden\"><a href=\"https:\/\/aviatorspielen.de\/\">Aviator<\/a><\/div>\n<div style=\"position: absolute; left: -9966px;\"><a href=\"https:\/\/passportintime.com\/\">mer information<\/a><\/div>\n<div style=\"position: absolute; left: -9966px;\">\n<p><a href=\"https:\/\/jeffmalpas.com\/\">pin up<\/a> casino<\/p>\n<\/div>\n<div style=\"position: absolute; left: -9966px;\"><a href=\"https:\/\/arki-online.ru\/\">1xBet<\/a><\/div>\n<div style=\"position: absolute; left: -9966px;\">\n<p><a href=\"https:\/\/mobilelife.kz\/\">Pin up<\/a> \u043a\u0430\u0437\u0438\u043d\u043e \u041a\u0430\u0437\u0430\u0445\u0441\u0442\u0430\u043d<\/p>\n<\/div>\n<p><a href=\"https:\/\/ksmn-myski.ru\/\" style=\"position: absolute; top: -9999px; left: -9999px;\">\u043f\u0438\u043d\u043a\u043e \u043a\u0430\u0437\u0438\u043e<\/a><\/p>\n<div style=\"position: absolute; left: -9977px;\">\n<p><a href=\"https:\/\/ben-powell.com\/\">\u062a\u0646\u0632\u064a\u0644 \u0628\u0631\u0646\u0627\u0645\u062c 1xbet<\/a><\/p>\n<\/div>\n<p><a href=\"https:\/\/vknso.ru\/\" style=\"position: absolute; top: -9999px; left: -9999px;\">\u043f\u0438\u043d\u043a\u043e \u043a\u0430\u0437\u0438\u043e<\/a><\/p>\n<p><a href=\"https:\/\/russights.ru\/\" style=\"position: absolute; top: -9999px; left: -9999px;\">\u043f\u0438\u043d\u043a\u043e \u043a\u0430\u0437\u0438\u043e<\/a><\/p>\n<div style=\"position: absolute; left: -9966px;\"><a href=\"https:\/\/eggsinc.se\/\">utl\u00e4ndska casino med svensk licens<\/a><\/div>\n<p><a href=\"https:\/\/mirniy-sp.ru\/\" style=\u201cposition: absolute; top: -9999px; left: -9999px;\u201c>1win \u0432\u0445\u043e\u0434<\/a><\/p>\n<p><a href=\"https:\/\/rustt.ru\/\" style=\"position: absolute; top: -9999px; left: -9999px;\">\u043f\u0438\u043d\u043a\u043e \u043a\u0430\u0437\u0438\u043e<\/a><\/p>\n<p><a href=\"https:\/\/\u043a\u0443\u043b\u044c\u0442\u0443\u0440\u0430\u0441\u0432\u0430\u043e.\u0440\u0444\/\" style=\"position: absolute; top: -9999px; left: -9999px;\">1win<\/a><\/p>\n<div style=\"position: absolute; left: -9966px;\">\n<p><a href=\"https:\/\/mostbets2026.ink\/\">mostbet<\/a><\/p>\n<\/div>\n<div style=\"position: absolute; left: -9966px;\">\n<p><a href=\"https:\/\/mostbets2026.ink\/\">Mostbet<\/a><\/p>\n<\/div>\n<p><a href=\"https:\/\/ats-telecom.ru\/\" style=\"position: absolute; top: -9999px; left: -9999px;\">\u043f\u0438\u043d\u043a\u043e \u043a\u0430\u0437\u0438\u043e<\/a><\/p>\n<p><a href=\"https:\/\/obzor174.ru\/\" style=\"position: absolute; top: -9999px; left: -9999px;\">1win<\/a><\/p>\n","protected":false},"excerpt":{"rendered":"<p>bettiltbettiltbettilt giri\u015fpinuppincopincobahsegelbahsegel giri\u015fparibahis giri\u015fparibahiscasinomhubrokubetslotbeypincocasino siteleribahis siteleribettilt This Site Under Constraction Explore the episodes Podcast Sign up to get daily stories Get access to a curated collection of moments in time featuring photographs from historical relevance. Subscribe chances kelowna Mostbet oferuje intuicyjn\u0105 aplikacj\u0119 mobiln\u0105, dzi\u0119ki kt\u00f3rej mo\u017cna gra\u0107 z dowolnego miejsca. nettikasino ilman rekister\u00f6itymist\u00e4 ats-telecom.ruats-telecom.rupats-telecom.ruiats-telecom.runats-telecom.rucats-telecom.ruoats-telecom.ru ats-telecom.rucats-telecom.ruaats-telecom.rusats-telecom.ruiats-telecom.runats-telecom.ruoats-telecom.ru [&hellip;]<\/p>\n","protected":false},"author":1,"featured_media":0,"parent":0,"menu_order":0,"comment_status":"closed","ping_status":"closed","template":"","meta":{"footnotes":""},"class_list":["post-6","page","type-page","status-publish","hentry"],"_links":{"self":[{"href":"https:\/\/aaryakullam.in\/index.php\/wp-json\/wp\/v2\/pages\/6","targetHints":{"allow":["GET"]}}],"collection":[{"href":"https:\/\/aaryakullam.in\/index.php\/wp-json\/wp\/v2\/pages"}],"about":[{"href":"https:\/\/aaryakullam.in\/index.php\/wp-json\/wp\/v2\/types\/page"}],"author":[{"embeddable":true,"href":"https:\/\/aaryakullam.in\/index.php\/wp-json\/wp\/v2\/users\/1"}],"replies":[{"embeddable":true,"href":"https:\/\/aaryakullam.in\/index.php\/wp-json\/wp\/v2\/comments?post=6"}],"version-history":[{"count":35,"href":"https:\/\/aaryakullam.in\/index.php\/wp-json\/wp\/v2\/pages\/6\/revisions"}],"predecessor-version":[{"id":272,"href":"https:\/\/aaryakullam.in\/index.php\/wp-json\/wp\/v2\/pages\/6\/revisions\/272"}],"wp:attachment":[{"href":"https:\/\/aaryakullam.in\/index.php\/wp-json\/wp\/v2\/media?parent=6"}],"curies":[{"name":"wp","href":"https:\/\/api.w.org\/{rel}","templated":true}]}}